{"id":263,"date":"2020-11-11T15:07:55","date_gmt":"2020-11-11T15:07:55","guid":{"rendered":"http:\/\/temp4475.onyxtest.de\/wp\/?page_id=263"},"modified":"2020-11-11T15:08:06","modified_gmt":"2020-11-11T15:08:06","slug":"1968-bis-1977","status":"publish","type":"page","link":"https:\/\/sktroisdorf.de\/wp\/1968-bis-1977\/","title":{"rendered":"1968 bis 1977"},"content":{"rendered":"\n<p><strong>Vereinschronik: Die siebziger Jahre<\/strong><\/p>\n\n\n\n<p><strong>(von Peter Haas)<\/strong><\/p>\n\n\n\n<p>Nachdem Heinrich W\u00fcnschmann 1960 und 1961 Kreismeister geworden war, wurde es in den nachfolgenden Jahren sehr ruhig in unserem Klub. Man beschr\u00e4nkte sich im wesentlichen auf die Austragung der Klub- und Stadtmeisterschaften. 1968 trat Toni Schick wegen Arbeits\u00fcberlastung vom Vorsitz zur\u00fcck und wurde Ehrenvorsitzender. Sein Nachfolger wure Peter Saamen. Nach dessen Tod im Jahre 1971 \u00fcbernahm ich den Vorsitz. Zwischenzeitlich nahmen wir an den Rundenspielen teil. Obwohl wir alle paar Jahre insbesondere wegen unserer alkoholischen Askese das Spiellokal wechselten &#8211; ich erinnere mich an: Gastst\u00e4tte Schlimgen, Im R\u00f6mer, Im Treppchen, Waldcafe und schlie\u00dflich Altentagesst\u00e4tte R\u00f6merstra\u00dfe &#8211; ging es mit dem Verein st\u00e4ndig aufw\u00e4rts. F\u00fcnfmal errangen wir in den siebziger Jahren die Mannschaftsmeisterschaft im Bezirk Bonn-Rhein\/Sieg. Allerdings brachte uns der viermalige Abstieg aus der Verbandsliga immer wieder auf den Boden der Tatsachen zur\u00fcck.<\/p>\n\n\n\n<p>F\u00fcr uns &#8222;Schacher&#8220; kam die Er\u00f6ffnung des B\u00fcrgerhauses im September 1979 wie gerufen. Jetzt endlich konnten wir uns beim Blitzen erhitzen, ohne uns durch die vorwurfsvollen Blicke von Kellnerinnen gezwungen zu sehen, die hei\u00dfgelaufenen &#8222;Zahnr\u00e4dchen&#8220; mit Alkohol abk\u00fchlen zu m\u00fcssen. Unser neues Spiellokal, ein weltweiter Aufschwung im Schach und unsere eigene Pressarbeit und schachlichen Aktivit\u00e4ten f\u00fchrten zu einem fast be\u00e4ngstigendem quantitativen Aufschwung.<\/p>\n\n\n\n<p>Fast alle von uns nahmen an den Simultanveranstaltungen mit Vlastimil Hort und Salo Flohr teil. Bei der ersten Stadtmeisterschaft der achtziger Jahre verzeichneten wir mehr als 80 Teilnehmer.<\/p>\n\n\n\n<p>Bei soviel Quantit\u00e4t mu\u00df die Qualit\u00e4t nahezu zwangsl\u00e4ufig zunehmen. Hier ist an erster Stelle Thomas Jackelen zu nennen, der als B-Jugendlicher Mittelrhein- und NRW-Meister und dritter bei den Deutschen Meisterschaften werden konnte. Kr\u00f6nung seiner bisherigen Laufbahn war die Einladung zum Weihnachsturnier in Hastings, wo er unter anderen den englischen IM Conquest besiegte und insgesamt im vorderen Mittelfeld landete. Ich w\u00fcnsche Thomas, dass er in den kommenden Jahren bei Porz seine Erfolge noch steigern kann und ich w\u00fcnsche uns, da\u00df er, wenn es wieder &#8222;ruhiger&#8220; geworden ist, zu uns zur\u00fcckfindet.<\/p>\n\n\n\n<h1 class=\"wp-block-heading\"><\/h1>\n\n\n\n<p><\/p>\n","protected":false},"excerpt":{"rendered":"<p>Vereinschronik: Die siebziger Jahre (von Peter Haas) Nachdem Heinrich W\u00fcnschmann 1960 und 1961 Kreismeister geworden war, wurde es in den nachfolgenden Jahren sehr ruhig in &hellip; <\/p>\n","protected":false},"author":1,"featured_media":0,"parent":0,"menu_order":0,"comment_status":"closed","ping_status":"closed","template":"","meta":{"footnotes":""},"class_list":["post-263","page","type-page","status-publish","hentry"],"publishpress_future_action":{"enabled":false,"date":"2026-04-16 12:10:32","action":"change-status","newStatus":"draft","terms":[],"taxonomy":"","extraData":[]},"publishpress_future_workflow_manual_trigger":{"enabledWorkflows":[]},"_links":{"self":[{"href":"https:\/\/sktroisdorf.de\/wp\/wp-json\/wp\/v2\/pages\/263","targetHints":{"allow":["GET"]}}],"collection":[{"href":"https:\/\/sktroisdorf.de\/wp\/wp-json\/wp\/v2\/pages"}],"about":[{"href":"https:\/\/sktroisdorf.de\/wp\/wp-json\/wp\/v2\/types\/page"}],"author":[{"embeddable":true,"href":"https:\/\/sktroisdorf.de\/wp\/wp-json\/wp\/v2\/users\/1"}],"replies":[{"embeddable":true,"href":"https:\/\/sktroisdorf.de\/wp\/wp-json\/wp\/v2\/comments?post=263"}],"version-history":[{"count":2,"href":"https:\/\/sktroisdorf.de\/wp\/wp-json\/wp\/v2\/pages\/263\/revisions"}],"predecessor-version":[{"id":266,"href":"https:\/\/sktroisdorf.de\/wp\/wp-json\/wp\/v2\/pages\/263\/revisions\/266"}],"wp:attachment":[{"href":"https:\/\/sktroisdorf.de\/wp\/wp-json\/wp\/v2\/media?parent=263"}],"curies":[{"name":"wp","href":"https:\/\/api.w.org\/{rel}","templated":true}]}}